{"id":5425,"date":"2021-06-30T08:44:19","date_gmt":"2021-06-30T08:44:19","guid":{"rendered":"https:\/\/sportxenius.com\/?post_type=product&#038;p=5425"},"modified":"2025-11-26T17:00:16","modified_gmt":"2025-11-26T17:00:16","slug":"plumon-ruck","status":"publish","type":"product","link":"https:\/\/sportxenius.com\/fr\/product\/plumon-ruck\/","title":{"rendered":"Couette RUCK"},"content":{"rendered":"<p>Parka con un acolchado interior de 350grs. El plum\u00f3n ruck es una prenda muy c\u00e1lida. Con un largo de 3\/4, dos bolsillos laterales con cremallera. Un bolsillo interior. Cuello y pu\u00f1os de canal\u00e9. Bies reflectante en hombros y laterales. Capucha forrada.Disponible en varios colores.<\/p>","protected":false},"excerpt":{"rendered":"<p>Parka con un acolchado interior de 350grs. El plum\u00f3n ruck es una prenda muy c\u00e1lida. Con un largo de 3\/4, dos bolsillos laterales con cremallera. Un bolsillo interior. Cuello y pu\u00f1os de canal\u00e9. Bies reflectante en hombros y laterales. Capucha forrada.Disponible en varios colores.<\/p>","protected":false},"featured_media":20339,"comment_status":"open","ping_status":"closed","template":"","meta":{"_acf_changed":false,"_kadence_starter_templates_imported_post":false,"_kad_post_transparent":"default","_kad_post_title":"","_kad_post_layout":"default","_kad_post_sidebar_id":"","_kad_post_content_style":"default","_kad_post_vertical_padding":"default","_kad_post_feature":"","_kad_post_feature_position":"","_kad_post_header":false,"_kad_post_footer":false},"product_brand":[],"product_cat":[127,69],"product_tag":[],"class_list":{"0":"post-5425","1":"product","2":"type-product","3":"status-publish","4":"has-post-thumbnail","6":"product_cat-parkas","7":"product_cat-plumon","9":"first","10":"instock","11":"taxable","12":"shipping-taxable","13":"purchasable","14":"product-type-variable","15":"entry","16":"content-bg","17":"loop-entry"},"acf":[],"yoast_head":"<!-- This site is optimized with the Yoast SEO plugin v26.4 - https:\/\/yoast.com\/wordpress\/plugins\/seo\/ -->\n<title>Plum\u00f3n RUCK - Xenius<\/title>\n<meta name=\"description\" content=\"Parka con un acolchado interior de 350grs. El plum\u00f3n ruck es una prenda muy c\u00e1lida. Con un largo de 3\/4, dos bolsillos laterales con cremallera.\" \/>\n<meta name=\"robots\" content=\"index, follow, max-snippet:-1, max-image-preview:large, max-video-preview:-1\" \/>\n<link rel=\"canonical\" href=\"https:\/\/sportxenius.com\/fr\/product\/plumon-ruck\/\" \/>\n<meta property=\"og:locale\" content=\"fr_FR\" \/>\n<meta property=\"og:type\" content=\"article\" \/>\n<meta property=\"og:title\" content=\"Plum\u00f3n RUCK - Xenius\" \/>\n<meta property=\"og:description\" content=\"Parka con un acolchado interior de 350grs. El plum\u00f3n ruck es una prenda muy c\u00e1lida. Con un largo de 3\/4, dos bolsillos laterales con cremallera.\" \/>\n<meta property=\"og:url\" content=\"https:\/\/sportxenius.com\/fr\/product\/plumon-ruck\/\" \/>\n<meta property=\"og:site_name\" content=\"Xenius\" \/>\n<meta property=\"article:modified_time\" content=\"2025-11-26T17:00:16+00:00\" \/>\n<meta property=\"og:image\" content=\"https:\/\/sportxenius.com\/wp-content\/uploads\/2021\/06\/plumon-ruck-2.jpg\" \/>\n\t<meta property=\"og:image:width\" content=\"571\" \/>\n\t<meta property=\"og:image:height\" content=\"781\" \/>\n\t<meta property=\"og:image:type\" content=\"image\/jpeg\" \/>\n<meta name=\"twitter:card\" content=\"summary_large_image\" \/>\n<meta name=\"twitter:label1\" content=\"Est. reading time\" \/>\n\t<meta name=\"twitter:data1\" content=\"1 minute\" \/>\n<script type=\"application\/ld+json\" class=\"yoast-schema-graph\">{\"@context\":\"https:\/\/schema.org\",\"@graph\":[{\"@type\":\"WebPage\",\"@id\":\"https:\/\/sportxenius.com\/producto\/plumon-ruck\/\",\"url\":\"https:\/\/sportxenius.com\/producto\/plumon-ruck\/\",\"name\":\"Plum\u00f3n RUCK - Xenius\",\"isPartOf\":{\"@id\":\"https:\/\/sportxenius.com\/#website\"},\"primaryImageOfPage\":{\"@id\":\"https:\/\/sportxenius.com\/producto\/plumon-ruck\/#primaryimage\"},\"image\":{\"@id\":\"https:\/\/sportxenius.com\/producto\/plumon-ruck\/#primaryimage\"},\"thumbnailUrl\":\"https:\/\/sportxenius.com\/wp-content\/uploads\/2021\/06\/plumon-ruck-2.jpg\",\"datePublished\":\"2021-06-30T08:44:19+00:00\",\"dateModified\":\"2025-11-26T17:00:16+00:00\",\"description\":\"Parka con un acolchado interior de 350grs. El plum\u00f3n ruck es una prenda muy c\u00e1lida. Con un largo de 3\/4, dos bolsillos laterales con cremallera.\",\"breadcrumb\":{\"@id\":\"https:\/\/sportxenius.com\/producto\/plumon-ruck\/#breadcrumb\"},\"inLanguage\":\"fr-FR\",\"potentialAction\":[{\"@type\":\"ReadAction\",\"target\":[\"https:\/\/sportxenius.com\/producto\/plumon-ruck\/\"]}]},{\"@type\":\"ImageObject\",\"inLanguage\":\"fr-FR\",\"@id\":\"https:\/\/sportxenius.com\/producto\/plumon-ruck\/#primaryimage\",\"url\":\"https:\/\/sportxenius.com\/wp-content\/uploads\/2021\/06\/plumon-ruck-2.jpg\",\"contentUrl\":\"https:\/\/sportxenius.com\/wp-content\/uploads\/2021\/06\/plumon-ruck-2.jpg\",\"width\":571,\"height\":781},{\"@type\":\"BreadcrumbList\",\"@id\":\"https:\/\/sportxenius.com\/producto\/plumon-ruck\/#breadcrumb\",\"itemListElement\":[{\"@type\":\"ListItem\",\"position\":1,\"name\":\"Portada\",\"item\":\"https:\/\/sportxenius.com\/\"},{\"@type\":\"ListItem\",\"position\":2,\"name\":\"Shop\",\"item\":\"https:\/\/sportxenius.com\/shop\/\"},{\"@type\":\"ListItem\",\"position\":3,\"name\":\"Plum\u00f3n RUCK\"}]},{\"@type\":\"WebSite\",\"@id\":\"https:\/\/sportxenius.com\/#website\",\"url\":\"https:\/\/sportxenius.com\/\",\"name\":\"Xenius\",\"description\":\"Ropa de Rugby\",\"publisher\":{\"@id\":\"https:\/\/sportxenius.com\/#organization\"},\"potentialAction\":[{\"@type\":\"SearchAction\",\"target\":{\"@type\":\"EntryPoint\",\"urlTemplate\":\"https:\/\/sportxenius.com\/?s={search_term_string}\"},\"query-input\":{\"@type\":\"PropertyValueSpecification\",\"valueRequired\":true,\"valueName\":\"search_term_string\"}}],\"inLanguage\":\"fr-FR\"},{\"@type\":\"Organization\",\"@id\":\"https:\/\/sportxenius.com\/#organization\",\"name\":\"Xenius\",\"url\":\"https:\/\/sportxenius.com\/\",\"logo\":{\"@type\":\"ImageObject\",\"inLanguage\":\"fr-FR\",\"@id\":\"https:\/\/sportxenius.com\/#\/schema\/logo\/image\/\",\"url\":\"https:\/\/sportxenius.com\/wp-content\/uploads\/2025\/11\/cropped-logo-azul-alargado-3d-sin-fondo-pequeno-.png\",\"contentUrl\":\"https:\/\/sportxenius.com\/wp-content\/uploads\/2025\/11\/cropped-logo-azul-alargado-3d-sin-fondo-pequeno-.png\",\"width\":1915,\"height\":249,\"caption\":\"Xenius\"},\"image\":{\"@id\":\"https:\/\/sportxenius.com\/#\/schema\/logo\/image\/\"}}]}<\/script>\n<!-- \/ Yoast SEO plugin. -->","yoast_head_json":{"title":"Plum\u00f3n RUCK - Xenius","description":"Parka con un acolchado interior de 350grs. El plum\u00f3n ruck es una prenda muy c\u00e1lida. Con un largo de 3\/4, dos bolsillos laterales con cremallera.","robots":{"index":"index","follow":"follow","max-snippet":"max-snippet:-1","max-image-preview":"max-image-preview:large","max-video-preview":"max-video-preview:-1"},"canonical":"https:\/\/sportxenius.com\/fr\/product\/plumon-ruck\/","og_locale":"fr_FR","og_type":"article","og_title":"Plum\u00f3n RUCK - Xenius","og_description":"Parka con un acolchado interior de 350grs. El plum\u00f3n ruck es una prenda muy c\u00e1lida. Con un largo de 3\/4, dos bolsillos laterales con cremallera.","og_url":"https:\/\/sportxenius.com\/fr\/product\/plumon-ruck\/","og_site_name":"Xenius","article_modified_time":"2025-11-26T17:00:16+00:00","og_image":[{"width":571,"height":781,"url":"https:\/\/sportxenius.com\/wp-content\/uploads\/2021\/06\/plumon-ruck-2.jpg","type":"image\/jpeg"}],"twitter_card":"summary_large_image","twitter_misc":{"Est. reading time":"1 minute"},"schema":{"@context":"https:\/\/schema.org","@graph":[{"@type":"WebPage","@id":"https:\/\/sportxenius.com\/producto\/plumon-ruck\/","url":"https:\/\/sportxenius.com\/producto\/plumon-ruck\/","name":"Plum\u00f3n RUCK - Xenius","isPartOf":{"@id":"https:\/\/sportxenius.com\/#website"},"primaryImageOfPage":{"@id":"https:\/\/sportxenius.com\/producto\/plumon-ruck\/#primaryimage"},"image":{"@id":"https:\/\/sportxenius.com\/producto\/plumon-ruck\/#primaryimage"},"thumbnailUrl":"https:\/\/sportxenius.com\/wp-content\/uploads\/2021\/06\/plumon-ruck-2.jpg","datePublished":"2021-06-30T08:44:19+00:00","dateModified":"2025-11-26T17:00:16+00:00","description":"Parka con un acolchado interior de 350grs. El plum\u00f3n ruck es una prenda muy c\u00e1lida. Con un largo de 3\/4, dos bolsillos laterales con cremallera.","breadcrumb":{"@id":"https:\/\/sportxenius.com\/producto\/plumon-ruck\/#breadcrumb"},"inLanguage":"fr-FR","potentialAction":[{"@type":"ReadAction","target":["https:\/\/sportxenius.com\/producto\/plumon-ruck\/"]}]},{"@type":"ImageObject","inLanguage":"fr-FR","@id":"https:\/\/sportxenius.com\/producto\/plumon-ruck\/#primaryimage","url":"https:\/\/sportxenius.com\/wp-content\/uploads\/2021\/06\/plumon-ruck-2.jpg","contentUrl":"https:\/\/sportxenius.com\/wp-content\/uploads\/2021\/06\/plumon-ruck-2.jpg","width":571,"height":781},{"@type":"BreadcrumbList","@id":"https:\/\/sportxenius.com\/producto\/plumon-ruck\/#breadcrumb","itemListElement":[{"@type":"ListItem","position":1,"name":"Portada","item":"https:\/\/sportxenius.com\/"},{"@type":"ListItem","position":2,"name":"Shop","item":"https:\/\/sportxenius.com\/shop\/"},{"@type":"ListItem","position":3,"name":"Plum\u00f3n RUCK"}]},{"@type":"WebSite","@id":"https:\/\/sportxenius.com\/#website","url":"https:\/\/sportxenius.com\/","name":"X\u00e9nius","description":"Ropa de Rugby","publisher":{"@id":"https:\/\/sportxenius.com\/#organization"},"potentialAction":[{"@type":"SearchAction","target":{"@type":"EntryPoint","urlTemplate":"https:\/\/sportxenius.com\/?s={search_term_string}"},"query-input":{"@type":"PropertyValueSpecification","valueRequired":true,"valueName":"search_term_string"}}],"inLanguage":"fr-FR"},{"@type":"Organization","@id":"https:\/\/sportxenius.com\/#organization","name":"X\u00e9nius","url":"https:\/\/sportxenius.com\/","logo":{"@type":"ImageObject","inLanguage":"fr-FR","@id":"https:\/\/sportxenius.com\/#\/schema\/logo\/image\/","url":"https:\/\/sportxenius.com\/wp-content\/uploads\/2025\/11\/cropped-logo-azul-alargado-3d-sin-fondo-pequeno-.png","contentUrl":"https:\/\/sportxenius.com\/wp-content\/uploads\/2025\/11\/cropped-logo-azul-alargado-3d-sin-fondo-pequeno-.png","width":1915,"height":249,"caption":"Xenius"},"image":{"@id":"https:\/\/sportxenius.com\/#\/schema\/logo\/image\/"}}]}},"_links":{"self":[{"href":"https:\/\/sportxenius.com\/fr\/wp-json\/wp\/v2\/product\/5425","targetHints":{"allow":["GET"]}}],"collection":[{"href":"https:\/\/sportxenius.com\/fr\/wp-json\/wp\/v2\/product"}],"about":[{"href":"https:\/\/sportxenius.com\/fr\/wp-json\/wp\/v2\/types\/product"}],"replies":[{"embeddable":true,"href":"https:\/\/sportxenius.com\/fr\/wp-json\/wp\/v2\/comments?post=5425"}],"version-history":[{"count":1,"href":"https:\/\/sportxenius.com\/fr\/wp-json\/wp\/v2\/product\/5425\/revisions"}],"predecessor-version":[{"id":5451,"href":"https:\/\/sportxenius.com\/fr\/wp-json\/wp\/v2\/product\/5425\/revisions\/5451"}],"wp:featuredmedia":[{"embeddable":true,"href":"https:\/\/sportxenius.com\/fr\/wp-json\/wp\/v2\/media\/20339"}],"wp:attachment":[{"href":"https:\/\/sportxenius.com\/fr\/wp-json\/wp\/v2\/media?parent=5425"}],"wp:term":[{"taxonomy":"product_brand","embeddable":true,"href":"https:\/\/sportxenius.com\/fr\/wp-json\/wp\/v2\/product_brand?post=5425"},{"taxonomy":"product_cat","embeddable":true,"href":"https:\/\/sportxenius.com\/fr\/wp-json\/wp\/v2\/product_cat?post=5425"},{"taxonomy":"product_tag","embeddable":true,"href":"https:\/\/sportxenius.com\/fr\/wp-json\/wp\/v2\/product_tag?post=5425"}],"curies":[{"name":"wp","href":"https:\/\/api.w.org\/{rel}","templated":true}]}}