{"id":5132,"date":"2021-06-30T08:22:59","date_gmt":"2021-06-30T08:22:59","guid":{"rendered":"https:\/\/sportxenius.com\/?post_type=product&#038;p=5132"},"modified":"2026-04-23T14:08:35","modified_gmt":"2026-04-23T14:08:35","slug":"pantalon-chandal-scrum","status":"publish","type":"product","link":"https:\/\/sportxenius.com\/fr\/product\/pantalon-chandal-scrum\/","title":{"rendered":"Pantal\u00f3n Ch\u00e1ndal SCRUM"},"content":{"rendered":"<p>Pantal\u00f3n de ch\u00e1ndal fabricado en tejido perchado de 230grs. Cintura con goma y cord\u00f3n interior para mejor ajuste. Corte pitillo con canal\u00e9 el\u00e1stico en bajos. 2 bolsillos laterales.<\/p>","protected":false},"excerpt":{"rendered":"<p>Pantal\u00f3n de ch\u00e1ndal fabricado en tejido perchado de 230grs. Cintura con goma y cord\u00f3n interior para mejor ajuste. Corte pitillo con canal\u00e9 el\u00e1stico en bajos. 2 bolsillos laterales.<\/p>","protected":false},"featured_media":20466,"comment_status":"open","ping_status":"closed","template":"","meta":{"_acf_changed":false,"_kadence_starter_templates_imported_post":false,"_kad_post_transparent":"default","_kad_post_title":"","_kad_post_layout":"default","_kad_post_sidebar_id":"","_kad_post_content_style":"default","_kad_post_vertical_padding":"default","_kad_post_feature":"","_kad_post_feature_position":"","_kad_post_header":false,"_kad_post_footer":false},"product_brand":[],"product_cat":[23,68],"product_tag":[],"class_list":{"0":"post-5132","1":"product","2":"type-product","3":"status-publish","4":"has-post-thumbnail","6":"product_cat-chandal","7":"product_cat-paseo-accesorios","9":"first","10":"instock","11":"taxable","12":"shipping-taxable","13":"purchasable","14":"product-type-variable","15":"entry","16":"content-bg","17":"loop-entry"},"acf":[],"yoast_head":"<!-- This site is optimized with the Yoast SEO plugin v26.4 - https:\/\/yoast.com\/wordpress\/plugins\/seo\/ -->\n<title>Pantal\u00f3n Ch\u00e1ndal SCRUM - Xenius<\/title>\n<meta name=\"description\" content=\"Pantal\u00f3n de ch\u00e1ndal fabricado en tejido perchado de 230grs. Cintura con goma y cord\u00f3n interior para mejor ajuste.\" \/>\n<meta name=\"robots\" content=\"index, follow, max-snippet:-1, max-image-preview:large, max-video-preview:-1\" \/>\n<link rel=\"canonical\" href=\"https:\/\/sportxenius.com\/fr\/product\/pantalon-chandal-scrum\/\" \/>\n<meta property=\"og:locale\" content=\"fr_FR\" \/>\n<meta property=\"og:type\" content=\"article\" \/>\n<meta property=\"og:title\" content=\"Pantal\u00f3n Ch\u00e1ndal SCRUM - Xenius\" \/>\n<meta property=\"og:description\" content=\"Pantal\u00f3n de ch\u00e1ndal fabricado en tejido perchado de 230grs. Cintura con goma y cord\u00f3n interior para mejor ajuste.\" \/>\n<meta property=\"og:url\" content=\"https:\/\/sportxenius.com\/fr\/product\/pantalon-chandal-scrum\/\" \/>\n<meta property=\"og:site_name\" content=\"Xenius\" \/>\n<meta property=\"article:modified_time\" content=\"2026-04-23T14:08:35+00:00\" \/>\n<meta property=\"og:image\" content=\"https:\/\/sportxenius.com\/wp-content\/uploads\/2021\/06\/pnt-2.png\" \/>\n\t<meta property=\"og:image:width\" content=\"572\" \/>\n\t<meta property=\"og:image:height\" content=\"782\" \/>\n\t<meta property=\"og:image:type\" content=\"image\/png\" \/>\n<meta name=\"twitter:card\" content=\"summary_large_image\" \/>\n<meta name=\"twitter:label1\" content=\"Est. reading time\" \/>\n\t<meta name=\"twitter:data1\" content=\"1 minute\" \/>\n<script type=\"application\/ld+json\" class=\"yoast-schema-graph\">{\"@context\":\"https:\/\/schema.org\",\"@graph\":[{\"@type\":\"WebPage\",\"@id\":\"https:\/\/sportxenius.com\/producto\/pantalon-chandal-scrum\/\",\"url\":\"https:\/\/sportxenius.com\/producto\/pantalon-chandal-scrum\/\",\"name\":\"Pantal\u00f3n Ch\u00e1ndal SCRUM - Xenius\",\"isPartOf\":{\"@id\":\"https:\/\/sportxenius.com\/#website\"},\"primaryImageOfPage\":{\"@id\":\"https:\/\/sportxenius.com\/producto\/pantalon-chandal-scrum\/#primaryimage\"},\"image\":{\"@id\":\"https:\/\/sportxenius.com\/producto\/pantalon-chandal-scrum\/#primaryimage\"},\"thumbnailUrl\":\"https:\/\/sportxenius.com\/wp-content\/uploads\/2021\/06\/pnt-2.png\",\"datePublished\":\"2021-06-30T08:22:59+00:00\",\"dateModified\":\"2026-04-23T14:08:35+00:00\",\"description\":\"Pantal\u00f3n de ch\u00e1ndal fabricado en tejido perchado de 230grs. Cintura con goma y cord\u00f3n interior para mejor ajuste.\",\"breadcrumb\":{\"@id\":\"https:\/\/sportxenius.com\/producto\/pantalon-chandal-scrum\/#breadcrumb\"},\"inLanguage\":\"fr-FR\",\"potentialAction\":[{\"@type\":\"ReadAction\",\"target\":[\"https:\/\/sportxenius.com\/producto\/pantalon-chandal-scrum\/\"]}]},{\"@type\":\"ImageObject\",\"inLanguage\":\"fr-FR\",\"@id\":\"https:\/\/sportxenius.com\/producto\/pantalon-chandal-scrum\/#primaryimage\",\"url\":\"https:\/\/sportxenius.com\/wp-content\/uploads\/2021\/06\/pnt-2.png\",\"contentUrl\":\"https:\/\/sportxenius.com\/wp-content\/uploads\/2021\/06\/pnt-2.png\",\"width\":572,\"height\":782},{\"@type\":\"BreadcrumbList\",\"@id\":\"https:\/\/sportxenius.com\/producto\/pantalon-chandal-scrum\/#breadcrumb\",\"itemListElement\":[{\"@type\":\"ListItem\",\"position\":1,\"name\":\"Portada\",\"item\":\"https:\/\/sportxenius.com\/\"},{\"@type\":\"ListItem\",\"position\":2,\"name\":\"Shop\",\"item\":\"https:\/\/sportxenius.com\/shop\/\"},{\"@type\":\"ListItem\",\"position\":3,\"name\":\"Pantal\u00f3n Ch\u00e1ndal SCRUM\"}]},{\"@type\":\"WebSite\",\"@id\":\"https:\/\/sportxenius.com\/#website\",\"url\":\"https:\/\/sportxenius.com\/\",\"name\":\"Xenius\",\"description\":\"Ropa de Rugby\",\"publisher\":{\"@id\":\"https:\/\/sportxenius.com\/#organization\"},\"potentialAction\":[{\"@type\":\"SearchAction\",\"target\":{\"@type\":\"EntryPoint\",\"urlTemplate\":\"https:\/\/sportxenius.com\/?s={search_term_string}\"},\"query-input\":{\"@type\":\"PropertyValueSpecification\",\"valueRequired\":true,\"valueName\":\"search_term_string\"}}],\"inLanguage\":\"fr-FR\"},{\"@type\":\"Organization\",\"@id\":\"https:\/\/sportxenius.com\/#organization\",\"name\":\"Xenius\",\"url\":\"https:\/\/sportxenius.com\/\",\"logo\":{\"@type\":\"ImageObject\",\"inLanguage\":\"fr-FR\",\"@id\":\"https:\/\/sportxenius.com\/#\/schema\/logo\/image\/\",\"url\":\"https:\/\/sportxenius.com\/wp-content\/uploads\/2025\/11\/cropped-logo-azul-alargado-3d-sin-fondo-pequeno-.png\",\"contentUrl\":\"https:\/\/sportxenius.com\/wp-content\/uploads\/2025\/11\/cropped-logo-azul-alargado-3d-sin-fondo-pequeno-.png\",\"width\":1915,\"height\":249,\"caption\":\"Xenius\"},\"image\":{\"@id\":\"https:\/\/sportxenius.com\/#\/schema\/logo\/image\/\"}}]}<\/script>\n<!-- \/ Yoast SEO plugin. -->","yoast_head_json":{"title":"Pantal\u00f3n Ch\u00e1ndal SCRUM - Xenius","description":"Pantal\u00f3n de ch\u00e1ndal fabricado en tejido perchado de 230grs. Cintura con goma y cord\u00f3n interior para mejor ajuste.","robots":{"index":"index","follow":"follow","max-snippet":"max-snippet:-1","max-image-preview":"max-image-preview:large","max-video-preview":"max-video-preview:-1"},"canonical":"https:\/\/sportxenius.com\/fr\/product\/pantalon-chandal-scrum\/","og_locale":"fr_FR","og_type":"article","og_title":"Pantal\u00f3n Ch\u00e1ndal SCRUM - Xenius","og_description":"Pantal\u00f3n de ch\u00e1ndal fabricado en tejido perchado de 230grs. Cintura con goma y cord\u00f3n interior para mejor ajuste.","og_url":"https:\/\/sportxenius.com\/fr\/product\/pantalon-chandal-scrum\/","og_site_name":"Xenius","article_modified_time":"2026-04-23T14:08:35+00:00","og_image":[{"width":572,"height":782,"url":"https:\/\/sportxenius.com\/wp-content\/uploads\/2021\/06\/pnt-2.png","type":"image\/png"}],"twitter_card":"summary_large_image","twitter_misc":{"Est. reading time":"1 minute"},"schema":{"@context":"https:\/\/schema.org","@graph":[{"@type":"WebPage","@id":"https:\/\/sportxenius.com\/producto\/pantalon-chandal-scrum\/","url":"https:\/\/sportxenius.com\/producto\/pantalon-chandal-scrum\/","name":"Pantal\u00f3n Ch\u00e1ndal SCRUM - Xenius","isPartOf":{"@id":"https:\/\/sportxenius.com\/#website"},"primaryImageOfPage":{"@id":"https:\/\/sportxenius.com\/producto\/pantalon-chandal-scrum\/#primaryimage"},"image":{"@id":"https:\/\/sportxenius.com\/producto\/pantalon-chandal-scrum\/#primaryimage"},"thumbnailUrl":"https:\/\/sportxenius.com\/wp-content\/uploads\/2021\/06\/pnt-2.png","datePublished":"2021-06-30T08:22:59+00:00","dateModified":"2026-04-23T14:08:35+00:00","description":"Pantal\u00f3n de ch\u00e1ndal fabricado en tejido perchado de 230grs. Cintura con goma y cord\u00f3n interior para mejor ajuste.","breadcrumb":{"@id":"https:\/\/sportxenius.com\/producto\/pantalon-chandal-scrum\/#breadcrumb"},"inLanguage":"fr-FR","potentialAction":[{"@type":"ReadAction","target":["https:\/\/sportxenius.com\/producto\/pantalon-chandal-scrum\/"]}]},{"@type":"ImageObject","inLanguage":"fr-FR","@id":"https:\/\/sportxenius.com\/producto\/pantalon-chandal-scrum\/#primaryimage","url":"https:\/\/sportxenius.com\/wp-content\/uploads\/2021\/06\/pnt-2.png","contentUrl":"https:\/\/sportxenius.com\/wp-content\/uploads\/2021\/06\/pnt-2.png","width":572,"height":782},{"@type":"BreadcrumbList","@id":"https:\/\/sportxenius.com\/producto\/pantalon-chandal-scrum\/#breadcrumb","itemListElement":[{"@type":"ListItem","position":1,"name":"Portada","item":"https:\/\/sportxenius.com\/"},{"@type":"ListItem","position":2,"name":"Shop","item":"https:\/\/sportxenius.com\/shop\/"},{"@type":"ListItem","position":3,"name":"Pantal\u00f3n Ch\u00e1ndal SCRUM"}]},{"@type":"WebSite","@id":"https:\/\/sportxenius.com\/#website","url":"https:\/\/sportxenius.com\/","name":"X\u00e9nius","description":"Ropa de Rugby","publisher":{"@id":"https:\/\/sportxenius.com\/#organization"},"potentialAction":[{"@type":"SearchAction","target":{"@type":"EntryPoint","urlTemplate":"https:\/\/sportxenius.com\/?s={search_term_string}"},"query-input":{"@type":"PropertyValueSpecification","valueRequired":true,"valueName":"search_term_string"}}],"inLanguage":"fr-FR"},{"@type":"Organization","@id":"https:\/\/sportxenius.com\/#organization","name":"X\u00e9nius","url":"https:\/\/sportxenius.com\/","logo":{"@type":"ImageObject","inLanguage":"fr-FR","@id":"https:\/\/sportxenius.com\/#\/schema\/logo\/image\/","url":"https:\/\/sportxenius.com\/wp-content\/uploads\/2025\/11\/cropped-logo-azul-alargado-3d-sin-fondo-pequeno-.png","contentUrl":"https:\/\/sportxenius.com\/wp-content\/uploads\/2025\/11\/cropped-logo-azul-alargado-3d-sin-fondo-pequeno-.png","width":1915,"height":249,"caption":"Xenius"},"image":{"@id":"https:\/\/sportxenius.com\/#\/schema\/logo\/image\/"}}]}},"_links":{"self":[{"href":"https:\/\/sportxenius.com\/fr\/wp-json\/wp\/v2\/product\/5132","targetHints":{"allow":["GET"]}}],"collection":[{"href":"https:\/\/sportxenius.com\/fr\/wp-json\/wp\/v2\/product"}],"about":[{"href":"https:\/\/sportxenius.com\/fr\/wp-json\/wp\/v2\/types\/product"}],"replies":[{"embeddable":true,"href":"https:\/\/sportxenius.com\/fr\/wp-json\/wp\/v2\/comments?post=5132"}],"version-history":[{"count":1,"href":"https:\/\/sportxenius.com\/fr\/wp-json\/wp\/v2\/product\/5132\/revisions"}],"predecessor-version":[{"id":5164,"href":"https:\/\/sportxenius.com\/fr\/wp-json\/wp\/v2\/product\/5132\/revisions\/5164"}],"wp:featuredmedia":[{"embeddable":true,"href":"https:\/\/sportxenius.com\/fr\/wp-json\/wp\/v2\/media\/20466"}],"wp:attachment":[{"href":"https:\/\/sportxenius.com\/fr\/wp-json\/wp\/v2\/media?parent=5132"}],"wp:term":[{"taxonomy":"product_brand","embeddable":true,"href":"https:\/\/sportxenius.com\/fr\/wp-json\/wp\/v2\/product_brand?post=5132"},{"taxonomy":"product_cat","embeddable":true,"href":"https:\/\/sportxenius.com\/fr\/wp-json\/wp\/v2\/product_cat?post=5132"},{"taxonomy":"product_tag","embeddable":true,"href":"https:\/\/sportxenius.com\/fr\/wp-json\/wp\/v2\/product_tag?post=5132"}],"curies":[{"name":"wp","href":"https:\/\/api.w.org\/{rel}","templated":true}]}}