{"id":20317,"date":"2025-10-08T14:39:19","date_gmt":"2025-10-08T14:39:19","guid":{"rendered":"https:\/\/sportxenius.com\/?page_id=20317"},"modified":"2025-10-08T14:41:38","modified_gmt":"2025-10-08T14:41:38","slug":"moves","status":"publish","type":"page","link":"https:\/\/sportxenius.com\/fr\/moves\/","title":{"rendered":"Moves"},"content":{"rendered":"<div data-elementor-type=\"wp-page\" data-elementor-id=\"20317\" class=\"elementor elementor-20317\" data-elementor-post-type=\"page\">\n\t\t\t\t\t\t<section class=\"elementor-section elementor-top-section elementor-element elementor-element-eb85e52 elementor-section-boxed elementor-section-height-default elementor-section-height-default\" data-id=\"eb85e52\" data-element_type=\"section\">\n\t\t\t\t\t\t<div class=\"elementor-container elementor-column-gap-default\">\n\t\t\t\t\t<div class=\"elementor-column elementor-col-100 elementor-top-column elementor-element elementor-element-22073db\" data-id=\"22073db\" data-element_type=\"column\">\n\t\t\t<div class=\"elementor-widget-wrap elementor-element-populated\">\n\t\t\t\t\t\t<div class=\"elementor-element elementor-element-c6efb8f elementor-widget elementor-widget-text-editor\" data-id=\"c6efb8f\" data-element_type=\"widget\" data-widget_type=\"text-editor.default\">\n\t\t\t\t<div class=\"elementor-widget-container\">\n\t\t\t\t\t\t\t\t\t<p>Grupo reki S.L. ha recibido una ayuda de 1700\u20ac para ayuda a la compra de vehiculo hibrido de la Uni\u00f3n Europea con cargo al Fondo NextGenerationEU, en el marco del Plan de Recuperaci\u00f3n, Trasformaci\u00f3n y Resiliencia, para la adquisici\u00f3n de veh\u00edculos el\u00e9ctricos \u201cenchufables\u201d y de pila combustible dentro del Programa de incentivos a la movilidad eficiente y sostenible (Programa MOVES III Veh\u00edculos Comunitat Valenciana) del Ministerio para la Transici\u00f3n Ecol\u00f3gica y el Reto Demogr\u00e1fico a trav\u00e9s del IDAE, gestionado por el Instituto Valenciano de Competitividad Empresarial (IVACE).<\/p>\t\t\t\t\t\t\t\t<\/div>\n\t\t\t\t<\/div>\n\t\t\t\t\t<\/div>\n\t\t<\/div>\n\t\t\t\t\t<\/div>\n\t\t<\/section>\n\t\t\t\t<\/div>","protected":false},"excerpt":{"rendered":"<p>Grupo reki S.L. ha recibido una ayuda de 1700\u20ac para ayuda a la compra de vehiculo hibrido de la Uni\u00f3n Europea con cargo al Fondo NextGenerationEU, en el marco del Plan de Recuperaci\u00f3n, Trasformaci\u00f3n y Resiliencia, para la adquisici\u00f3n de veh\u00edculos el\u00e9ctricos \u201cenchufables\u201d y de pila combustible dentro del Programa de incentivos a la movilidad&#8230;<\/p>","protected":false},"author":5,"featured_media":0,"parent":0,"menu_order":0,"comment_status":"closed","ping_status":"closed","template":"","meta":{"_acf_changed":false,"_kadence_starter_templates_imported_post":false,"_kad_post_transparent":"","_kad_post_title":"hide","_kad_post_layout":"fullwidth","_kad_post_sidebar_id":"","_kad_post_content_style":"unboxed","_kad_post_vertical_padding":"hide","_kad_post_feature":"hide","_kad_post_feature_position":"","_kad_post_header":false,"_kad_post_footer":false,"footnotes":""},"class_list":["post-20317","page","type-page","status-publish","hentry"],"acf":[],"yoast_head":"<!-- This site is optimized with the Yoast SEO plugin v26.4 - https:\/\/yoast.com\/wordpress\/plugins\/seo\/ -->\n<title>Moves - Xenius<\/title>\n<meta name=\"robots\" content=\"index, follow, max-snippet:-1, max-image-preview:large, max-video-preview:-1\" \/>\n<link rel=\"canonical\" href=\"https:\/\/sportxenius.com\/fr\/moves\/\" \/>\n<meta property=\"og:locale\" content=\"fr_FR\" \/>\n<meta property=\"og:type\" content=\"article\" \/>\n<meta property=\"og:title\" content=\"Moves - Xenius\" \/>\n<meta property=\"og:description\" content=\"Grupo reki S.L. ha recibido una ayuda de 1700\u20ac para ayuda a la compra de vehiculo hibrido de la Uni\u00f3n Europea con cargo al Fondo NextGenerationEU, en el marco del Plan de Recuperaci\u00f3n, Trasformaci\u00f3n y Resiliencia, para la adquisici\u00f3n de veh\u00edculos el\u00e9ctricos \u201cenchufables\u201d y de pila combustible dentro del Programa de incentivos a la movilidad...\" \/>\n<meta property=\"og:url\" content=\"https:\/\/sportxenius.com\/fr\/moves\/\" \/>\n<meta property=\"og:site_name\" content=\"Xenius\" \/>\n<meta property=\"article:modified_time\" content=\"2025-10-08T14:41:38+00:00\" \/>\n<meta name=\"twitter:card\" content=\"summary_large_image\" \/>\n<meta name=\"twitter:label1\" content=\"Est. reading time\" \/>\n\t<meta name=\"twitter:data1\" content=\"1 minute\" \/>\n<script type=\"application\/ld+json\" class=\"yoast-schema-graph\">{\"@context\":\"https:\/\/schema.org\",\"@graph\":[{\"@type\":\"WebPage\",\"@id\":\"https:\/\/sportxenius.com\/moves\/\",\"url\":\"https:\/\/sportxenius.com\/moves\/\",\"name\":\"Moves - Xenius\",\"isPartOf\":{\"@id\":\"https:\/\/sportxenius.com\/#website\"},\"datePublished\":\"2025-10-08T14:39:19+00:00\",\"dateModified\":\"2025-10-08T14:41:38+00:00\",\"breadcrumb\":{\"@id\":\"https:\/\/sportxenius.com\/moves\/#breadcrumb\"},\"inLanguage\":\"fr-FR\",\"potentialAction\":[{\"@type\":\"ReadAction\",\"target\":[\"https:\/\/sportxenius.com\/moves\/\"]}]},{\"@type\":\"BreadcrumbList\",\"@id\":\"https:\/\/sportxenius.com\/moves\/#breadcrumb\",\"itemListElement\":[{\"@type\":\"ListItem\",\"position\":1,\"name\":\"Portada\",\"item\":\"https:\/\/sportxenius.com\/\"},{\"@type\":\"ListItem\",\"position\":2,\"name\":\"Moves\"}]},{\"@type\":\"WebSite\",\"@id\":\"https:\/\/sportxenius.com\/#website\",\"url\":\"https:\/\/sportxenius.com\/\",\"name\":\"Xenius\",\"description\":\"Ropa de Rugby\",\"publisher\":{\"@id\":\"https:\/\/sportxenius.com\/#organization\"},\"potentialAction\":[{\"@type\":\"SearchAction\",\"target\":{\"@type\":\"EntryPoint\",\"urlTemplate\":\"https:\/\/sportxenius.com\/?s={search_term_string}\"},\"query-input\":{\"@type\":\"PropertyValueSpecification\",\"valueRequired\":true,\"valueName\":\"search_term_string\"}}],\"inLanguage\":\"fr-FR\"},{\"@type\":\"Organization\",\"@id\":\"https:\/\/sportxenius.com\/#organization\",\"name\":\"Xenius\",\"url\":\"https:\/\/sportxenius.com\/\",\"logo\":{\"@type\":\"ImageObject\",\"inLanguage\":\"fr-FR\",\"@id\":\"https:\/\/sportxenius.com\/#\/schema\/logo\/image\/\",\"url\":\"https:\/\/sportxenius.com\/wp-content\/uploads\/2025\/11\/cropped-logo-azul-alargado-3d-sin-fondo-pequeno-.png\",\"contentUrl\":\"https:\/\/sportxenius.com\/wp-content\/uploads\/2025\/11\/cropped-logo-azul-alargado-3d-sin-fondo-pequeno-.png\",\"width\":1915,\"height\":249,\"caption\":\"Xenius\"},\"image\":{\"@id\":\"https:\/\/sportxenius.com\/#\/schema\/logo\/image\/\"}}]}<\/script>\n<!-- \/ Yoast SEO plugin. -->","yoast_head_json":{"title":"Moves - Xenius","robots":{"index":"index","follow":"follow","max-snippet":"max-snippet:-1","max-image-preview":"max-image-preview:large","max-video-preview":"max-video-preview:-1"},"canonical":"https:\/\/sportxenius.com\/fr\/moves\/","og_locale":"fr_FR","og_type":"article","og_title":"Moves - Xenius","og_description":"Grupo reki S.L. ha recibido una ayuda de 1700\u20ac para ayuda a la compra de vehiculo hibrido de la Uni\u00f3n Europea con cargo al Fondo NextGenerationEU, en el marco del Plan de Recuperaci\u00f3n, Trasformaci\u00f3n y Resiliencia, para la adquisici\u00f3n de veh\u00edculos el\u00e9ctricos \u201cenchufables\u201d y de pila combustible dentro del Programa de incentivos a la movilidad...","og_url":"https:\/\/sportxenius.com\/fr\/moves\/","og_site_name":"Xenius","article_modified_time":"2025-10-08T14:41:38+00:00","twitter_card":"summary_large_image","twitter_misc":{"Est. reading time":"1 minute"},"schema":{"@context":"https:\/\/schema.org","@graph":[{"@type":"WebPage","@id":"https:\/\/sportxenius.com\/moves\/","url":"https:\/\/sportxenius.com\/moves\/","name":"Moves - Xenius","isPartOf":{"@id":"https:\/\/sportxenius.com\/#website"},"datePublished":"2025-10-08T14:39:19+00:00","dateModified":"2025-10-08T14:41:38+00:00","breadcrumb":{"@id":"https:\/\/sportxenius.com\/moves\/#breadcrumb"},"inLanguage":"fr-FR","potentialAction":[{"@type":"ReadAction","target":["https:\/\/sportxenius.com\/moves\/"]}]},{"@type":"BreadcrumbList","@id":"https:\/\/sportxenius.com\/moves\/#breadcrumb","itemListElement":[{"@type":"ListItem","position":1,"name":"Portada","item":"https:\/\/sportxenius.com\/"},{"@type":"ListItem","position":2,"name":"Moves"}]},{"@type":"WebSite","@id":"https:\/\/sportxenius.com\/#website","url":"https:\/\/sportxenius.com\/","name":"X\u00e9nius","description":"Ropa de Rugby","publisher":{"@id":"https:\/\/sportxenius.com\/#organization"},"potentialAction":[{"@type":"SearchAction","target":{"@type":"EntryPoint","urlTemplate":"https:\/\/sportxenius.com\/?s={search_term_string}"},"query-input":{"@type":"PropertyValueSpecification","valueRequired":true,"valueName":"search_term_string"}}],"inLanguage":"fr-FR"},{"@type":"Organization","@id":"https:\/\/sportxenius.com\/#organization","name":"X\u00e9nius","url":"https:\/\/sportxenius.com\/","logo":{"@type":"ImageObject","inLanguage":"fr-FR","@id":"https:\/\/sportxenius.com\/#\/schema\/logo\/image\/","url":"https:\/\/sportxenius.com\/wp-content\/uploads\/2025\/11\/cropped-logo-azul-alargado-3d-sin-fondo-pequeno-.png","contentUrl":"https:\/\/sportxenius.com\/wp-content\/uploads\/2025\/11\/cropped-logo-azul-alargado-3d-sin-fondo-pequeno-.png","width":1915,"height":249,"caption":"Xenius"},"image":{"@id":"https:\/\/sportxenius.com\/#\/schema\/logo\/image\/"}}]}},"_links":{"self":[{"href":"https:\/\/sportxenius.com\/fr\/wp-json\/wp\/v2\/pages\/20317","targetHints":{"allow":["GET"]}}],"collection":[{"href":"https:\/\/sportxenius.com\/fr\/wp-json\/wp\/v2\/pages"}],"about":[{"href":"https:\/\/sportxenius.com\/fr\/wp-json\/wp\/v2\/types\/page"}],"author":[{"embeddable":true,"href":"https:\/\/sportxenius.com\/fr\/wp-json\/wp\/v2\/users\/5"}],"replies":[{"embeddable":true,"href":"https:\/\/sportxenius.com\/fr\/wp-json\/wp\/v2\/comments?post=20317"}],"version-history":[{"count":4,"href":"https:\/\/sportxenius.com\/fr\/wp-json\/wp\/v2\/pages\/20317\/revisions"}],"predecessor-version":[{"id":20322,"href":"https:\/\/sportxenius.com\/fr\/wp-json\/wp\/v2\/pages\/20317\/revisions\/20322"}],"wp:attachment":[{"href":"https:\/\/sportxenius.com\/fr\/wp-json\/wp\/v2\/media?parent=20317"}],"curies":[{"name":"wp","href":"https:\/\/api.w.org\/{rel}","templated":true}]}}