{"id":1568,"date":"2021-05-06T06:38:05","date_gmt":"2021-05-06T06:38:05","guid":{"rendered":"https:\/\/sportxenius.com\/?page_id=1568"},"modified":"2021-05-06T06:38:06","modified_gmt":"2021-05-06T06:38:06","slug":"politica-de-privacidad","status":"publish","type":"page","link":"https:\/\/sportxenius.com\/fr\/politica-de-privacidad\/","title":{"rendered":"Pol\u00edtica de Privacidad"},"content":{"rendered":"<p><strong>Pol\u00edtica de Protecci\u00f3n de Datos de Car\u00e1cter Personal<\/strong><\/p>\n\n\n\n<p>El titular de la web y responsable del tratamiento es <strong>GRUPO REKI, S.L. (en adelante XENIUS)<\/strong> con domicilio en C\/ Proyecto 2, Parcela 8, Nave 2, P.I. C de X\u00e0tiva (46800) Vcia. y CIF B98710569 es la titular del Portal y lo pone a disposici\u00f3n de los usuarios de Internet, con el fin tanto de proporcionar informaci\u00f3n sobre los servicios que presta <strong>XENIUS<\/strong>, as\u00ed como el de permitir la prestaci\u00f3n de servicios a trav\u00e9s del Portal.<\/p>\n\n\n\n<p><strong><u>Datos de Contacto<\/u><\/strong><\/p>\n\n\n\n<p>Tel\u00e9fono de contacto: + (34) 961154342<br>Email: <a href=\"mailto:mjterol@gipsistemes.com\">rugby@sportxenius.com<\/a>&nbsp;<\/p>\n\n\n\n<p><strong><u>Datos de Contacto del Delegado de Protecci\u00f3n de Datos (DPO)<\/u><\/strong><\/p>\n\n\n\n<p>Para cualquier gesti\u00f3n o solicitud con respecto a la privacidad de <strong>XENIUS<\/strong>, el usuario podr\u00e1 dirigirse a nuestra direcci\u00f3n de correo electr\u00f3nico <a href=\"mailto:mjterol@gipsistemes.com\">rugby@sportxenius.com<\/a> &nbsp;<\/p>\n\n\n\n<p><strong>1.- Finalidad \u00bfCon qu\u00e9 finalidades tratamos sus datos?<\/strong><\/p>\n\n\n\n<p>XENIUS informa al Usuario de la existencia de un tratamiento de datos de car\u00e1cter personal (<strong>denominado \u201cUSUARIOS WEB\u201d<\/strong>) creado con los datos obtenidos en la p\u00e1gina web por y para <strong>XENIUS<\/strong> y bajo su responsabilidad.&nbsp;<\/p>\n\n\n\n<p>Dicho fichero ha sido creado con la finalidad de facilitar informaci\u00f3n sobre la prestaci\u00f3n de los servicios ofrecidos por el Portal, incluyendo venta a distancia y gesti\u00f3n de env\u00edos y devoluciones, as\u00ed como atender y gestionar las consultas realizadas por los usuarios a trav\u00e9s de esta v\u00eda.<\/p>\n\n\n\n<ul class=\"wp-block-list\"><li>Los plazos de conservaci\u00f3n de los datos que los usuarios nos proporcionen a trav\u00e9s de los formularios presentes en la web son los siguientes:<ul><li>En el caso de consultas: Una vez contestada la consulta, el a\u00f1o en curso<\/li><li>En el caso de contratar alguno de nuestros servicios: Mientras dure la relaci\u00f3n contractual<\/li><li>En el caso de aceptar el env\u00edo de nuestra newsletter. Mientras no se solicite su supresi\u00f3n por el interesado y en todo caso tres a\u00f1os a partir de la \u00faltima manifestaci\u00f3n de inter\u00e9s.<\/li><\/ul><\/li><\/ul>\n\n\n\n<p>&nbsp;<strong>2.- Legitimaci\u00f3n \u00bfCu\u00e1l es la legitimaci\u00f3n para el tratamiento de sus datos?<\/strong><\/p>\n\n\n\n<p>La base legal para el tratamiento de los datos personales de los usuarios es:<\/p>\n\n\n\n<ul class=\"wp-block-list\"><li><strong>el propio consentimiento expreso del interesado.<\/strong><\/li><li><strong>el cumplimiento de un contrato y\/o relaci\u00f3n contractual.<\/strong><\/li><li><strong>el cumplimiento de distintas obligaciones legales.<\/strong><\/li><\/ul>\n\n\n\n<p>Asimismo, la oferta prospectiva de servicios est\u00e1 basada en el consentimiento que se solicita al usuario sin que ning\u00fan caso la retirada de este consentimiento condicione la ejecuci\u00f3n de otras finalidades.<\/p>\n\n\n\n<p>El usuario no tiene la obligaci\u00f3n de facilitarnos sus datos personales, pero en caso de no facilitarnos los datos m\u00ednimos solicitados, no se podr\u00e1n llevar a cabo las operaciones que se ofrecen online en nuestra web, tales como atender las consultas, contactar, venta on-line, etc.<\/p>\n\n\n\n<p>Adem\u00e1s, informamos que el usuario podr\u00e1 revocar el consentimiento para la recogida y tratamiento de sus datos personales en cualquier momento, mediante el procedimiento que establecemos para ello, sin que ello afecte a la licitud del tratamiento basado en el consentimiento previo a su retirada.<\/p>\n\n\n\n<p><strong>3.- Destinatarios \u00bfA qu\u00e9 destinatarios se comunicar\u00e1n sus datos?<\/strong><\/p>\n\n\n\n<p>Los datos que se recogen en esta web mediante los formularios correspondientes no ser\u00e1n cedidos a terceros y \u00fanicamente podr\u00e1n ser objeto de comunicaci\u00f3n a otras empresas que ejercen de encargados del tratamiento de datos personales, y que solo tratar\u00e1n los datos conforme a las estrictas indicaciones que <strong>XENIUS<\/strong> establece con dichos encargados. En todo caso los datos ser\u00e1n comunicados dentro del espacio de la Uni\u00f3n Europea y solo para los fines anteriormente indicados.<\/p>\n\n\n\n<p><strong>4.- Derechos \u00bfCu\u00e1les son sus derechos cuando nos facilita sus datos?<\/strong><\/p>\n\n\n\n<p>A los usuarios de la web titularidad de <strong>XENIUS<\/strong> se les garantiza los derechos que se establecen en la legislaci\u00f3n en materia de Protecci\u00f3n de Datos Personales:<\/p>\n\n\n\n<p>En primer lugar, el usuario tiene derecho a obtener una confirmaci\u00f3n sobre si en <strong>XENIUS<\/strong> se est\u00e1n tratando datos personales que le conciernan o no.<\/p>\n\n\n\n<p>Los usuarios tendr\u00e1n derecho a acceder a sus datos personales, as\u00ed como a solicitar la rectificaci\u00f3n de los datos que sean inexactos o, en su caso, solicitar su supresi\u00f3n cuando, entre otros motivos, los datos ya no sean necesarios para los fines que fueron recogidos.<\/p>\n\n\n\n<p>Los usuarios tienen derecho a oponerse al tratamiento de sus datos personales, por lo que <strong>XENIUS<\/strong> dejar\u00e1 de tratar sus datos, salvo si existen motivos leg\u00edtimos, imperiosos, o el ejercicio o la defensa de posibles reclamaciones.<\/p>\n\n\n\n<p>Los usuarios tienen la facultad de solicitar a <strong>XENIUS<\/strong> que limite los tratamientos de sus datos personales cuando se cumplan los requisitos que el Reglamento UE 2016\/679 y la LOPDGDD 3\/2018 exige.<\/p>\n\n\n\n<p><strong>XENIUS<\/strong> le informa que tiene implantadas las medidas de seguridad de \u00edndole t\u00e9cnica y organizativas necesarias que garanticen la seguridad de sus datos de car\u00e1cter personal y eviten su alteraci\u00f3n, p\u00e9rdida, tratamiento y\/o acceso no autorizado, seg\u00fan lo dispuesto en el RGPD 2016\/679 de&nbsp;27 de abril de 2016 y la LOPDGDD 3\/2018 de 5 de diciembre.<\/p>\n\n\n\n<p>Por \u00faltimo, informamos que cualquier interesado podr\u00e1 presentar una reclamaci\u00f3n ante la Agencia Espa\u00f1ola de Protecci\u00f3n de Datos, especialmente cuando no haya obtenido satisfacci\u00f3n en el ejercicio de sus derechos.<\/p>\n\n\n\n<p>En el siguiente link obtendr\u00e1 m\u00e1s informaci\u00f3n sobre las reclamaciones ante la Agencia Espa\u00f1ola de Protecci\u00f3n de Datos:<\/p>\n\n\n\n<figure class=\"wp-block-embed\"><div class=\"wp-block-embed__wrapper\">\nhttps:\/\/sedeagpd.gob.es\/sede-electronica-web\/vistas\/formSpam\/spamDenuncia.jsf;jsessionid=3FC268F548C59FFD4F289FCC645855EA\n<\/div><\/figure>\n\n\n\n<p><strong>5.- Comunicaciones Comerciales<\/strong><\/p>\n\n\n\n<p><strong>XENIUS<\/strong> podr\u00e1 enviar comunicaciones comerciales por cualquier medio con pleno respeto a la legislaci\u00f3n que en materia de protecci\u00f3n de datos personales se encuentre vigente.<\/p>\n\n\n\n<p>Para las comunicaciones comerciales realizadas a trav\u00e9s del correo electr\u00f3nico y medios equivalentes en cumplimiento de lo dispuesto en la Ley 34\/2002, de 11 de julio, de Servicios de la Sociedad de la Informaci\u00f3n y de Comercio Electr\u00f3nico, ser\u00e1 debidamente recabado el consentimiento del Usuario en el momento de recoger los datos correspondientes.<br>El Usuario podr\u00e1 revocar en cualquier momento el consentimiento prestado a la recepci\u00f3n de las comunicaciones personales con la simple notificaci\u00f3n de su voluntad a <strong>XENIUS<\/strong> (<strong>a nuestra direcci\u00f3n de correo electr\u00f3nico <a href=\"mailto:mjterol@gipsistemes.com\">rugby@sportxenius.com<\/a> <\/strong>).<\/p>","protected":false},"excerpt":{"rendered":"<p>Pol\u00edtica de Protecci\u00f3n de Datos de Car\u00e1cter Personal El titular de la web y responsable del tratamiento es GRUPO REKI, S.L. (en adelante XENIUS) con domicilio en C\/ Proyecto 2, Parcela 8, Nave 2, P.I. C de X\u00e0tiva (46800) Vcia. y CIF B98710569 es la titular del Portal y lo pone a disposici\u00f3n de los&#8230;<\/p>","protected":false},"author":5,"featured_media":0,"parent":0,"menu_order":0,"comment_status":"closed","ping_status":"closed","template":"","meta":{"_acf_changed":false,"_kadence_starter_templates_imported_post":false,"_kad_post_transparent":"","_kad_post_title":"","_kad_post_layout":"","_kad_post_sidebar_id":"","_kad_post_content_style":"","_kad_post_vertical_padding":"","_kad_post_feature":"","_kad_post_feature_position":"","_kad_post_header":false,"_kad_post_footer":false,"footnotes":""},"class_list":["post-1568","page","type-page","status-publish","hentry"],"acf":[],"yoast_head":"<!-- This site is optimized with the Yoast SEO plugin v26.4 - https:\/\/yoast.com\/wordpress\/plugins\/seo\/ -->\n<title>Pol\u00edtica de Privacidad - Xenius<\/title>\n<meta name=\"robots\" content=\"index, follow, max-snippet:-1, max-image-preview:large, max-video-preview:-1\" \/>\n<link rel=\"canonical\" href=\"https:\/\/sportxenius.com\/fr\/politica-de-privacidad\/\" \/>\n<meta property=\"og:locale\" content=\"fr_FR\" \/>\n<meta property=\"og:type\" content=\"article\" \/>\n<meta property=\"og:title\" content=\"Pol\u00edtica de Privacidad - Xenius\" \/>\n<meta property=\"og:description\" content=\"Pol\u00edtica de Protecci\u00f3n de Datos de Car\u00e1cter Personal El titular de la web y responsable del tratamiento es GRUPO REKI, S.L. (en adelante XENIUS) con domicilio en C\/ Proyecto 2, Parcela 8, Nave 2, P.I. C de X\u00e0tiva (46800) Vcia. y CIF B98710569 es la titular del Portal y lo pone a disposici\u00f3n de los...\" \/>\n<meta property=\"og:url\" content=\"https:\/\/sportxenius.com\/fr\/politica-de-privacidad\/\" \/>\n<meta property=\"og:site_name\" content=\"Xenius\" \/>\n<meta property=\"article:modified_time\" content=\"2021-05-06T06:38:06+00:00\" \/>\n<meta name=\"twitter:card\" content=\"summary_large_image\" \/>\n<meta name=\"twitter:label1\" content=\"Est. reading time\" \/>\n\t<meta name=\"twitter:data1\" content=\"5 minutes\" \/>\n<script type=\"application\/ld+json\" class=\"yoast-schema-graph\">{\"@context\":\"https:\/\/schema.org\",\"@graph\":[{\"@type\":\"WebPage\",\"@id\":\"https:\/\/sportxenius.com\/politica-de-privacidad\/\",\"url\":\"https:\/\/sportxenius.com\/politica-de-privacidad\/\",\"name\":\"Pol\u00edtica de Privacidad - Xenius\",\"isPartOf\":{\"@id\":\"https:\/\/sportxenius.com\/#website\"},\"datePublished\":\"2021-05-06T06:38:05+00:00\",\"dateModified\":\"2021-05-06T06:38:06+00:00\",\"breadcrumb\":{\"@id\":\"https:\/\/sportxenius.com\/politica-de-privacidad\/#breadcrumb\"},\"inLanguage\":\"fr-FR\",\"potentialAction\":[{\"@type\":\"ReadAction\",\"target\":[\"https:\/\/sportxenius.com\/politica-de-privacidad\/\"]}]},{\"@type\":\"BreadcrumbList\",\"@id\":\"https:\/\/sportxenius.com\/politica-de-privacidad\/#breadcrumb\",\"itemListElement\":[{\"@type\":\"ListItem\",\"position\":1,\"name\":\"Portada\",\"item\":\"https:\/\/sportxenius.com\/\"},{\"@type\":\"ListItem\",\"position\":2,\"name\":\"Pol\u00edtica de Privacidad\"}]},{\"@type\":\"WebSite\",\"@id\":\"https:\/\/sportxenius.com\/#website\",\"url\":\"https:\/\/sportxenius.com\/\",\"name\":\"Xenius\",\"description\":\"Ropa de Rugby\",\"publisher\":{\"@id\":\"https:\/\/sportxenius.com\/#organization\"},\"potentialAction\":[{\"@type\":\"SearchAction\",\"target\":{\"@type\":\"EntryPoint\",\"urlTemplate\":\"https:\/\/sportxenius.com\/?s={search_term_string}\"},\"query-input\":{\"@type\":\"PropertyValueSpecification\",\"valueRequired\":true,\"valueName\":\"search_term_string\"}}],\"inLanguage\":\"fr-FR\"},{\"@type\":\"Organization\",\"@id\":\"https:\/\/sportxenius.com\/#organization\",\"name\":\"Xenius\",\"url\":\"https:\/\/sportxenius.com\/\",\"logo\":{\"@type\":\"ImageObject\",\"inLanguage\":\"fr-FR\",\"@id\":\"https:\/\/sportxenius.com\/#\/schema\/logo\/image\/\",\"url\":\"https:\/\/sportxenius.com\/wp-content\/uploads\/2025\/11\/cropped-logo-azul-alargado-3d-sin-fondo-pequeno-.png\",\"contentUrl\":\"https:\/\/sportxenius.com\/wp-content\/uploads\/2025\/11\/cropped-logo-azul-alargado-3d-sin-fondo-pequeno-.png\",\"width\":1915,\"height\":249,\"caption\":\"Xenius\"},\"image\":{\"@id\":\"https:\/\/sportxenius.com\/#\/schema\/logo\/image\/\"}}]}<\/script>\n<!-- \/ Yoast SEO plugin. -->","yoast_head_json":{"title":"Pol\u00edtica de Privacidad - Xenius","robots":{"index":"index","follow":"follow","max-snippet":"max-snippet:-1","max-image-preview":"max-image-preview:large","max-video-preview":"max-video-preview:-1"},"canonical":"https:\/\/sportxenius.com\/fr\/politica-de-privacidad\/","og_locale":"fr_FR","og_type":"article","og_title":"Pol\u00edtica de Privacidad - Xenius","og_description":"Pol\u00edtica de Protecci\u00f3n de Datos de Car\u00e1cter Personal El titular de la web y responsable del tratamiento es GRUPO REKI, S.L. (en adelante XENIUS) con domicilio en C\/ Proyecto 2, Parcela 8, Nave 2, P.I. C de X\u00e0tiva (46800) Vcia. y CIF B98710569 es la titular del Portal y lo pone a disposici\u00f3n de los...","og_url":"https:\/\/sportxenius.com\/fr\/politica-de-privacidad\/","og_site_name":"Xenius","article_modified_time":"2021-05-06T06:38:06+00:00","twitter_card":"summary_large_image","twitter_misc":{"Est. reading time":"5 minutes"},"schema":{"@context":"https:\/\/schema.org","@graph":[{"@type":"WebPage","@id":"https:\/\/sportxenius.com\/politica-de-privacidad\/","url":"https:\/\/sportxenius.com\/politica-de-privacidad\/","name":"Pol\u00edtica de Privacidad - Xenius","isPartOf":{"@id":"https:\/\/sportxenius.com\/#website"},"datePublished":"2021-05-06T06:38:05+00:00","dateModified":"2021-05-06T06:38:06+00:00","breadcrumb":{"@id":"https:\/\/sportxenius.com\/politica-de-privacidad\/#breadcrumb"},"inLanguage":"fr-FR","potentialAction":[{"@type":"ReadAction","target":["https:\/\/sportxenius.com\/politica-de-privacidad\/"]}]},{"@type":"BreadcrumbList","@id":"https:\/\/sportxenius.com\/politica-de-privacidad\/#breadcrumb","itemListElement":[{"@type":"ListItem","position":1,"name":"Portada","item":"https:\/\/sportxenius.com\/"},{"@type":"ListItem","position":2,"name":"Pol\u00edtica de Privacidad"}]},{"@type":"WebSite","@id":"https:\/\/sportxenius.com\/#website","url":"https:\/\/sportxenius.com\/","name":"X\u00e9nius","description":"Ropa de Rugby","publisher":{"@id":"https:\/\/sportxenius.com\/#organization"},"potentialAction":[{"@type":"SearchAction","target":{"@type":"EntryPoint","urlTemplate":"https:\/\/sportxenius.com\/?s={search_term_string}"},"query-input":{"@type":"PropertyValueSpecification","valueRequired":true,"valueName":"search_term_string"}}],"inLanguage":"fr-FR"},{"@type":"Organization","@id":"https:\/\/sportxenius.com\/#organization","name":"X\u00e9nius","url":"https:\/\/sportxenius.com\/","logo":{"@type":"ImageObject","inLanguage":"fr-FR","@id":"https:\/\/sportxenius.com\/#\/schema\/logo\/image\/","url":"https:\/\/sportxenius.com\/wp-content\/uploads\/2025\/11\/cropped-logo-azul-alargado-3d-sin-fondo-pequeno-.png","contentUrl":"https:\/\/sportxenius.com\/wp-content\/uploads\/2025\/11\/cropped-logo-azul-alargado-3d-sin-fondo-pequeno-.png","width":1915,"height":249,"caption":"Xenius"},"image":{"@id":"https:\/\/sportxenius.com\/#\/schema\/logo\/image\/"}}]}},"_links":{"self":[{"href":"https:\/\/sportxenius.com\/fr\/wp-json\/wp\/v2\/pages\/1568","targetHints":{"allow":["GET"]}}],"collection":[{"href":"https:\/\/sportxenius.com\/fr\/wp-json\/wp\/v2\/pages"}],"about":[{"href":"https:\/\/sportxenius.com\/fr\/wp-json\/wp\/v2\/types\/page"}],"author":[{"embeddable":true,"href":"https:\/\/sportxenius.com\/fr\/wp-json\/wp\/v2\/users\/5"}],"replies":[{"embeddable":true,"href":"https:\/\/sportxenius.com\/fr\/wp-json\/wp\/v2\/comments?post=1568"}],"version-history":[{"count":1,"href":"https:\/\/sportxenius.com\/fr\/wp-json\/wp\/v2\/pages\/1568\/revisions"}],"predecessor-version":[{"id":1569,"href":"https:\/\/sportxenius.com\/fr\/wp-json\/wp\/v2\/pages\/1568\/revisions\/1569"}],"wp:attachment":[{"href":"https:\/\/sportxenius.com\/fr\/wp-json\/wp\/v2\/media?parent=1568"}],"curies":[{"name":"wp","href":"https:\/\/api.w.org\/{rel}","templated":true}]}}